{"id":651,"date":"2024-07-08T11:01:43","date_gmt":"2024-07-08T09:01:43","guid":{"rendered":"https:\/\/beckenbach.de\/?page_id=651"},"modified":"2024-09-25T13:28:29","modified_gmt":"2024-09-25T11:28:29","slug":"impressum","status":"publish","type":"page","link":"https:\/\/beckenbach.de\/en\/impressum\/","title":{"rendered":"Imprint"},"content":{"rendered":"<p>[et_pb_section fb_built=&#8220;1&#8243; _builder_version=&#8220;4.27.0&#8243; _module_preset=&#8220;default&#8220; global_colors_info=&#8220;{}&#8220;][et_pb_row _builder_version=&#8220;4.27.0&#8243; _module_preset=&#8220;default&#8220; global_colors_info=&#8220;{}&#8220;][et_pb_column type=&#8220;4_4&#8243; _builder_version=&#8220;4.27.0&#8243; _module_preset=&#8220;default&#8220; global_colors_info=&#8220;{}&#8220;][et_pb_text _builder_version=&#8220;4.27.0&#8243; _module_preset=&#8220;default&#8220; hover_enabled=&#8220;0&#8243; global_colors_info=&#8220;{}&#8220; sticky_enabled=&#8220;0&#8243;]<\/p>\n<h1>Impressum<\/h1>\n<div class=\"col-66\">\n<div id=\"c423\" class=\"csc-default\">\n<div class=\"csc-textpic-text\">\n<p><strong>BECKENBACH Formen- und Modellbau GmbH<br \/><\/strong>In den Kreuzwiesen 1<br \/>69250 Sch\u00f6nau<br \/><span>Gesch\u00e4ftsf\u00fchrer: Wolfgang Merkle<\/span><br \/><span>Telefon: +49 62 28 \/ 208 &#8211; 0<\/span><br \/><span>Email: info@beckenbach.de<\/span><\/p>\n<p>HRB: 702623 Mannheim<br \/>Steuer-Nr.: 32019\/20440<br \/>UST-ID-Nr.: DE 814874117<\/p>\n<\/div>\n<\/div>\n<\/div>\n<p>[\/et_pb_text][\/et_pb_column][\/et_pb_row][\/et_pb_section]<\/p>\n","protected":false},"excerpt":{"rendered":"<p>Impressum BECKENBACH Formen- und Modellbau GmbHIn den Kreuzwiesen 169250 Sch\u00f6nauGesch\u00e4ftsf\u00fchrer: Wolfgang MerkleTelefon: +49 62 28 \/ 208 &#8211; 0Email: info@beckenbach.de HRB: 702623 MannheimSteuer-Nr.: 32019\/20440UST-ID-Nr.: DE 814874117<\/p>","protected":false},"author":1,"featured_media":0,"parent":0,"menu_order":0,"comment_status":"closed","ping_status":"closed","template":"","meta":{"_et_pb_use_builder":"on","_et_pb_old_content":"","_et_gb_content_width":"","footnotes":""},"class_list":["post-651","page","type-page","status-publish","hentry"],"yoast_head":"<!-- This site is optimized with the Yoast SEO plugin v27.5 - https:\/\/yoast.com\/product\/yoast-seo-wordpress\/ -->\n<title>Impressum - Beckenbach<\/title>\n<meta name=\"robots\" content=\"index, follow, max-snippet:-1, max-image-preview:large, max-video-preview:-1\" \/>\n<link rel=\"canonical\" href=\"https:\/\/beckenbach.de\/en\/impressum\/\" \/>\n<meta property=\"og:locale\" content=\"en_US\" \/>\n<meta property=\"og:type\" content=\"article\" \/>\n<meta property=\"og:title\" content=\"Impressum - Beckenbach\" \/>\n<meta property=\"og:description\" content=\"Impressum BECKENBACH Formen- und Modellbau GmbHIn den Kreuzwiesen 169250 Sch\u00f6nauGesch\u00e4ftsf\u00fchrer: Wolfgang MerkleTelefon: +49 62 28 \/ 208 - 0Email: info@beckenbach.de HRB: 702623 MannheimSteuer-Nr.: 32019\/20440UST-ID-Nr.: DE 814874117\" \/>\n<meta property=\"og:url\" content=\"https:\/\/beckenbach.de\/en\/impressum\/\" \/>\n<meta property=\"og:site_name\" content=\"Beckenbach\" \/>\n<meta property=\"article:modified_time\" content=\"2024-09-25T11:28:29+00:00\" \/>\n<meta name=\"twitter:card\" content=\"summary_large_image\" \/>\n<script type=\"application\/ld+json\" class=\"yoast-schema-graph\">{\"@context\":\"https:\\\/\\\/schema.org\",\"@graph\":[{\"@type\":\"WebPage\",\"@id\":\"https:\\\/\\\/beckenbach.de\\\/impressum\\\/\",\"url\":\"https:\\\/\\\/beckenbach.de\\\/impressum\\\/\",\"name\":\"Impressum - Beckenbach\",\"isPartOf\":{\"@id\":\"https:\\\/\\\/beckenbach.de\\\/#website\"},\"datePublished\":\"2024-07-08T09:01:43+00:00\",\"dateModified\":\"2024-09-25T11:28:29+00:00\",\"breadcrumb\":{\"@id\":\"https:\\\/\\\/beckenbach.de\\\/impressum\\\/#breadcrumb\"},\"inLanguage\":\"en-US\",\"potentialAction\":[{\"@type\":\"ReadAction\",\"target\":[\"https:\\\/\\\/beckenbach.de\\\/impressum\\\/\"]}]},{\"@type\":\"BreadcrumbList\",\"@id\":\"https:\\\/\\\/beckenbach.de\\\/impressum\\\/#breadcrumb\",\"itemListElement\":[{\"@type\":\"ListItem\",\"position\":1,\"name\":\"Startseite\",\"item\":\"https:\\\/\\\/beckenbach.de\\\/\"},{\"@type\":\"ListItem\",\"position\":2,\"name\":\"Impressum\"}]},{\"@type\":\"WebSite\",\"@id\":\"https:\\\/\\\/beckenbach.de\\\/#website\",\"url\":\"https:\\\/\\\/beckenbach.de\\\/\",\"name\":\"Beckenbach\",\"description\":\"Prototypen- und Serienwerkzeuge\",\"potentialAction\":[{\"@type\":\"SearchAction\",\"target\":{\"@type\":\"EntryPoint\",\"urlTemplate\":\"https:\\\/\\\/beckenbach.de\\\/?s={search_term_string}\"},\"query-input\":{\"@type\":\"PropertyValueSpecification\",\"valueRequired\":true,\"valueName\":\"search_term_string\"}}],\"inLanguage\":\"en-US\"}]}<\/script>\n<!-- \/ Yoast SEO plugin. -->","yoast_head_json":{"title":"Impressum - Beckenbach","robots":{"index":"index","follow":"follow","max-snippet":"max-snippet:-1","max-image-preview":"max-image-preview:large","max-video-preview":"max-video-preview:-1"},"canonical":"https:\/\/beckenbach.de\/en\/impressum\/","og_locale":"en_US","og_type":"article","og_title":"Impressum - Beckenbach","og_description":"Impressum BECKENBACH Formen- und Modellbau GmbHIn den Kreuzwiesen 169250 Sch\u00f6nauGesch\u00e4ftsf\u00fchrer: Wolfgang MerkleTelefon: +49 62 28 \/ 208 - 0Email: info@beckenbach.de HRB: 702623 MannheimSteuer-Nr.: 32019\/20440UST-ID-Nr.: DE 814874117","og_url":"https:\/\/beckenbach.de\/en\/impressum\/","og_site_name":"Beckenbach","article_modified_time":"2024-09-25T11:28:29+00:00","twitter_card":"summary_large_image","schema":{"@context":"https:\/\/schema.org","@graph":[{"@type":"WebPage","@id":"https:\/\/beckenbach.de\/impressum\/","url":"https:\/\/beckenbach.de\/impressum\/","name":"Impressum - Beckenbach","isPartOf":{"@id":"https:\/\/beckenbach.de\/#website"},"datePublished":"2024-07-08T09:01:43+00:00","dateModified":"2024-09-25T11:28:29+00:00","breadcrumb":{"@id":"https:\/\/beckenbach.de\/impressum\/#breadcrumb"},"inLanguage":"en-US","potentialAction":[{"@type":"ReadAction","target":["https:\/\/beckenbach.de\/impressum\/"]}]},{"@type":"BreadcrumbList","@id":"https:\/\/beckenbach.de\/impressum\/#breadcrumb","itemListElement":[{"@type":"ListItem","position":1,"name":"Startseite","item":"https:\/\/beckenbach.de\/"},{"@type":"ListItem","position":2,"name":"Impressum"}]},{"@type":"WebSite","@id":"https:\/\/beckenbach.de\/#website","url":"https:\/\/beckenbach.de\/","name":"Beckenbach","description":"Prototype and Series Tools","potentialAction":[{"@type":"SearchAction","target":{"@type":"EntryPoint","urlTemplate":"https:\/\/beckenbach.de\/?s={search_term_string}"},"query-input":{"@type":"PropertyValueSpecification","valueRequired":true,"valueName":"search_term_string"}}],"inLanguage":"en-US"}]}},"_links":{"self":[{"href":"https:\/\/beckenbach.de\/en\/wp-json\/wp\/v2\/pages\/651","targetHints":{"allow":["GET"]}}],"collection":[{"href":"https:\/\/beckenbach.de\/en\/wp-json\/wp\/v2\/pages"}],"about":[{"href":"https:\/\/beckenbach.de\/en\/wp-json\/wp\/v2\/types\/page"}],"author":[{"embeddable":true,"href":"https:\/\/beckenbach.de\/en\/wp-json\/wp\/v2\/users\/1"}],"replies":[{"embeddable":true,"href":"https:\/\/beckenbach.de\/en\/wp-json\/wp\/v2\/comments?post=651"}],"version-history":[{"count":6,"href":"https:\/\/beckenbach.de\/en\/wp-json\/wp\/v2\/pages\/651\/revisions"}],"predecessor-version":[{"id":844,"href":"https:\/\/beckenbach.de\/en\/wp-json\/wp\/v2\/pages\/651\/revisions\/844"}],"wp:attachment":[{"href":"https:\/\/beckenbach.de\/en\/wp-json\/wp\/v2\/media?parent=651"}],"curies":[{"name":"wp","href":"https:\/\/api.w.org\/{rel}","templated":true}]}}